{"id":233,"date":"2014-04-16T11:46:37","date_gmt":"2014-04-16T11:46:37","guid":{"rendered":"http:\/\/rudolf-lang.de\/cms\/de\/?page_id=233"},"modified":"2018-12-19T11:40:35","modified_gmt":"2018-12-19T11:40:35","slug":"uber-uns","status":"publish","type":"page","link":"https:\/\/rudolf-lang.de\/digitaldruck-und-werbetechnik\/uber-uns\/","title":{"rendered":"\u00dcber uns"},"content":{"rendered":"","protected":false},"excerpt":{"rendered":"","protected":false},"author":4,"featured_media":0,"parent":0,"menu_order":3,"comment_status":"closed","ping_status":"open","template":"","meta":{"footnotes":""},"class_list":["post-233","page","type-page","status-publish","hentry"],"acf":[],"yoast_head":"<!-- This site is optimized with the Yoast SEO plugin v27.4 - https:\/\/yoast.com\/product\/yoast-seo-wordpress\/ -->\n<title>Wir - Rudolf Lang GmbH &amp; Co.KG<\/title>\n<meta name=\"description\" content=\"\u00dcber uns - Erfahren Sie mehr \u00fcber uns - Rudolf Lang GmbH &amp; Co.KG in M\u00fcnchen. Ihr Ansprechpartner f\u00fcr Digitaldruck und Werbetechnik\" \/>\n<meta name=\"robots\" content=\"index, follow, max-snippet:-1, max-image-preview:large, max-video-preview:-1\" \/>\n<link rel=\"canonical\" href=\"https:\/\/rudolf-lang.de\/digitaldruck-und-werbetechnik\/uber-uns\/\" \/>\n<meta property=\"og:locale\" content=\"de_DE\" \/>\n<meta property=\"og:type\" content=\"article\" \/>\n<meta property=\"og:title\" content=\"Wir - Rudolf Lang GmbH &amp; Co.KG\" \/>\n<meta property=\"og:description\" content=\"\u00dcber uns - Erfahren Sie mehr \u00fcber uns - Rudolf Lang GmbH &amp; Co.KG in M\u00fcnchen. Ihr Ansprechpartner f\u00fcr Digitaldruck und Werbetechnik\" \/>\n<meta property=\"og:url\" content=\"https:\/\/rudolf-lang.de\/digitaldruck-und-werbetechnik\/uber-uns\/\" \/>\n<meta property=\"og:site_name\" content=\"Digitaldruck und Werbetechnik\" \/>\n<meta property=\"article:modified_time\" content=\"2018-12-19T11:40:35+00:00\" \/>\n<script type=\"application\/ld+json\" class=\"yoast-schema-graph\">{\"@context\":\"https:\\\/\\\/schema.org\",\"@graph\":[{\"@type\":\"WebPage\",\"@id\":\"https:\\\/\\\/rudolf-lang.de\\\/digitaldruck-und-werbetechnik\\\/uber-uns\\\/\",\"url\":\"https:\\\/\\\/rudolf-lang.de\\\/digitaldruck-und-werbetechnik\\\/uber-uns\\\/\",\"name\":\"Wir - Rudolf Lang GmbH & Co.KG\",\"isPartOf\":{\"@id\":\"https:\\\/\\\/rudolf-lang.de\\\/digitaldruck-und-werbetechnik\\\/#website\"},\"datePublished\":\"2014-04-16T11:46:37+00:00\",\"dateModified\":\"2018-12-19T11:40:35+00:00\",\"description\":\"\u00dcber uns - Erfahren Sie mehr \u00fcber uns - Rudolf Lang GmbH & Co.KG in M\u00fcnchen. Ihr Ansprechpartner f\u00fcr Digitaldruck und Werbetechnik\",\"breadcrumb\":{\"@id\":\"https:\\\/\\\/rudolf-lang.de\\\/digitaldruck-und-werbetechnik\\\/uber-uns\\\/#breadcrumb\"},\"inLanguage\":\"de\",\"potentialAction\":[{\"@type\":\"ReadAction\",\"target\":[\"https:\\\/\\\/rudolf-lang.de\\\/digitaldruck-und-werbetechnik\\\/uber-uns\\\/\"]}]},{\"@type\":\"BreadcrumbList\",\"@id\":\"https:\\\/\\\/rudolf-lang.de\\\/digitaldruck-und-werbetechnik\\\/uber-uns\\\/#breadcrumb\",\"itemListElement\":[{\"@type\":\"ListItem\",\"position\":1,\"name\":\"Startseite\",\"item\":\"https:\\\/\\\/rudolf-lang.de\\\/digitaldruck-und-werbetechnik\\\/\"},{\"@type\":\"ListItem\",\"position\":2,\"name\":\"\u00dcber uns\"}]},{\"@type\":\"WebSite\",\"@id\":\"https:\\\/\\\/rudolf-lang.de\\\/digitaldruck-und-werbetechnik\\\/#website\",\"url\":\"https:\\\/\\\/rudolf-lang.de\\\/digitaldruck-und-werbetechnik\\\/\",\"name\":\"Digitaldruck und Werbetechnik\",\"description\":\"RUDOLF LANG GmbH &amp; Co. KG\",\"potentialAction\":[{\"@type\":\"SearchAction\",\"target\":{\"@type\":\"EntryPoint\",\"urlTemplate\":\"https:\\\/\\\/rudolf-lang.de\\\/digitaldruck-und-werbetechnik\\\/?s={search_term_string}\"},\"query-input\":{\"@type\":\"PropertyValueSpecification\",\"valueRequired\":true,\"valueName\":\"search_term_string\"}}],\"inLanguage\":\"de\"}]}<\/script>\n<!-- \/ Yoast SEO plugin. -->","yoast_head_json":{"title":"Wir - Rudolf Lang GmbH & Co.KG","description":"\u00dcber uns - Erfahren Sie mehr \u00fcber uns - Rudolf Lang GmbH & Co.KG in M\u00fcnchen. Ihr Ansprechpartner f\u00fcr Digitaldruck und Werbetechnik","robots":{"index":"index","follow":"follow","max-snippet":"max-snippet:-1","max-image-preview":"max-image-preview:large","max-video-preview":"max-video-preview:-1"},"canonical":"https:\/\/rudolf-lang.de\/digitaldruck-und-werbetechnik\/uber-uns\/","og_locale":"de_DE","og_type":"article","og_title":"Wir - Rudolf Lang GmbH & Co.KG","og_description":"\u00dcber uns - Erfahren Sie mehr \u00fcber uns - Rudolf Lang GmbH & Co.KG in M\u00fcnchen. Ihr Ansprechpartner f\u00fcr Digitaldruck und Werbetechnik","og_url":"https:\/\/rudolf-lang.de\/digitaldruck-und-werbetechnik\/uber-uns\/","og_site_name":"Digitaldruck und Werbetechnik","article_modified_time":"2018-12-19T11:40:35+00:00","schema":{"@context":"https:\/\/schema.org","@graph":[{"@type":"WebPage","@id":"https:\/\/rudolf-lang.de\/digitaldruck-und-werbetechnik\/uber-uns\/","url":"https:\/\/rudolf-lang.de\/digitaldruck-und-werbetechnik\/uber-uns\/","name":"Wir - Rudolf Lang GmbH & Co.KG","isPartOf":{"@id":"https:\/\/rudolf-lang.de\/digitaldruck-und-werbetechnik\/#website"},"datePublished":"2014-04-16T11:46:37+00:00","dateModified":"2018-12-19T11:40:35+00:00","description":"\u00dcber uns - Erfahren Sie mehr \u00fcber uns - Rudolf Lang GmbH & Co.KG in M\u00fcnchen. Ihr Ansprechpartner f\u00fcr Digitaldruck und Werbetechnik","breadcrumb":{"@id":"https:\/\/rudolf-lang.de\/digitaldruck-und-werbetechnik\/uber-uns\/#breadcrumb"},"inLanguage":"de","potentialAction":[{"@type":"ReadAction","target":["https:\/\/rudolf-lang.de\/digitaldruck-und-werbetechnik\/uber-uns\/"]}]},{"@type":"BreadcrumbList","@id":"https:\/\/rudolf-lang.de\/digitaldruck-und-werbetechnik\/uber-uns\/#breadcrumb","itemListElement":[{"@type":"ListItem","position":1,"name":"Startseite","item":"https:\/\/rudolf-lang.de\/digitaldruck-und-werbetechnik\/"},{"@type":"ListItem","position":2,"name":"\u00dcber uns"}]},{"@type":"WebSite","@id":"https:\/\/rudolf-lang.de\/digitaldruck-und-werbetechnik\/#website","url":"https:\/\/rudolf-lang.de\/digitaldruck-und-werbetechnik\/","name":"Digitaldruck und Werbetechnik","description":"RUDOLF LANG GmbH &amp; Co. KG","potentialAction":[{"@type":"SearchAction","target":{"@type":"EntryPoint","urlTemplate":"https:\/\/rudolf-lang.de\/digitaldruck-und-werbetechnik\/?s={search_term_string}"},"query-input":{"@type":"PropertyValueSpecification","valueRequired":true,"valueName":"search_term_string"}}],"inLanguage":"de"}]}},"_links":{"self":[{"href":"https:\/\/rudolf-lang.de\/digitaldruck-und-werbetechnik\/wp-json\/wp\/v2\/pages\/233","targetHints":{"allow":["GET"]}}],"collection":[{"href":"https:\/\/rudolf-lang.de\/digitaldruck-und-werbetechnik\/wp-json\/wp\/v2\/pages"}],"about":[{"href":"https:\/\/rudolf-lang.de\/digitaldruck-und-werbetechnik\/wp-json\/wp\/v2\/types\/page"}],"author":[{"embeddable":true,"href":"https:\/\/rudolf-lang.de\/digitaldruck-und-werbetechnik\/wp-json\/wp\/v2\/users\/4"}],"replies":[{"embeddable":true,"href":"https:\/\/rudolf-lang.de\/digitaldruck-und-werbetechnik\/wp-json\/wp\/v2\/comments?post=233"}],"version-history":[{"count":28,"href":"https:\/\/rudolf-lang.de\/digitaldruck-und-werbetechnik\/wp-json\/wp\/v2\/pages\/233\/revisions"}],"predecessor-version":[{"id":438,"href":"https:\/\/rudolf-lang.de\/digitaldruck-und-werbetechnik\/wp-json\/wp\/v2\/pages\/233\/revisions\/438"}],"wp:attachment":[{"href":"https:\/\/rudolf-lang.de\/digitaldruck-und-werbetechnik\/wp-json\/wp\/v2\/media?parent=233"}],"curies":[{"name":"wp","href":"https:\/\/api.w.org\/{rel}","templated":true}]}}