{"id":20,"date":"2014-04-15T12:05:47","date_gmt":"2014-04-15T12:05:47","guid":{"rendered":"http:\/\/rudolf-lang.de\/cms\/de\/?page_id=20"},"modified":"2020-08-05T13:13:58","modified_gmt":"2020-08-05T13:13:58","slug":"messewerbung","status":"publish","type":"page","link":"https:\/\/rudolf-lang.de\/digitaldruck-und-werbetechnik\/messewerbung\/","title":{"rendered":"Messewerbung"},"content":{"rendered":"","protected":false},"excerpt":{"rendered":"","protected":false},"author":4,"featured_media":0,"parent":0,"menu_order":7,"comment_status":"closed","ping_status":"open","template":"","meta":{"footnotes":""},"class_list":["post-20","page","type-page","status-publish","hentry"],"acf":[],"yoast_head":"<!-- This site is optimized with the Yoast SEO plugin v27.4 - https:\/\/yoast.com\/product\/yoast-seo-wordpress\/ -->\n<title>Messewerbung, Messestandgestaltung, Lang Digitaldruck u. Werbetechnik M\u00fcnchen<\/title>\n<meta name=\"description\" content=\"Wir sind f\u00fcr Sie da im Bereich Messewerbung M\u00fcnchen, Messeevent M\u00fcnchen, Werbetechnik und Digitaldruck in M\u00fcnchen, Messestandgestaltung, Showroom Gestaltung\" \/>\n<meta name=\"robots\" content=\"index, follow, max-snippet:-1, max-image-preview:large, max-video-preview:-1\" \/>\n<link rel=\"canonical\" href=\"https:\/\/rudolf-lang.de\/digitaldruck-und-werbetechnik\/messewerbung\/\" \/>\n<meta property=\"og:locale\" content=\"de_DE\" \/>\n<meta property=\"og:type\" content=\"article\" \/>\n<meta property=\"og:title\" content=\"Messewerbung, Messestandgestaltung, Lang Digitaldruck u. Werbetechnik M\u00fcnchen\" \/>\n<meta property=\"og:description\" content=\"Wir sind f\u00fcr Sie da im Bereich Messewerbung M\u00fcnchen, Messeevent M\u00fcnchen, Werbetechnik und Digitaldruck in M\u00fcnchen, Messestandgestaltung, Showroom Gestaltung\" \/>\n<meta property=\"og:url\" content=\"https:\/\/rudolf-lang.de\/digitaldruck-und-werbetechnik\/messewerbung\/\" \/>\n<meta property=\"og:site_name\" content=\"Digitaldruck und Werbetechnik\" \/>\n<meta property=\"article:modified_time\" content=\"2020-08-05T13:13:58+00:00\" \/>\n<script type=\"application\/ld+json\" class=\"yoast-schema-graph\">{\"@context\":\"https:\\\/\\\/schema.org\",\"@graph\":[{\"@type\":\"WebPage\",\"@id\":\"https:\\\/\\\/rudolf-lang.de\\\/digitaldruck-und-werbetechnik\\\/messewerbung\\\/\",\"url\":\"https:\\\/\\\/rudolf-lang.de\\\/digitaldruck-und-werbetechnik\\\/messewerbung\\\/\",\"name\":\"Messewerbung, Messestandgestaltung, Lang Digitaldruck u. Werbetechnik M\u00fcnchen\",\"isPartOf\":{\"@id\":\"https:\\\/\\\/rudolf-lang.de\\\/digitaldruck-und-werbetechnik\\\/#website\"},\"datePublished\":\"2014-04-15T12:05:47+00:00\",\"dateModified\":\"2020-08-05T13:13:58+00:00\",\"description\":\"Wir sind f\u00fcr Sie da im Bereich Messewerbung M\u00fcnchen, Messeevent M\u00fcnchen, Werbetechnik und Digitaldruck in M\u00fcnchen, Messestandgestaltung, Showroom Gestaltung\",\"breadcrumb\":{\"@id\":\"https:\\\/\\\/rudolf-lang.de\\\/digitaldruck-und-werbetechnik\\\/messewerbung\\\/#breadcrumb\"},\"inLanguage\":\"de\",\"potentialAction\":[{\"@type\":\"ReadAction\",\"target\":[\"https:\\\/\\\/rudolf-lang.de\\\/digitaldruck-und-werbetechnik\\\/messewerbung\\\/\"]}]},{\"@type\":\"BreadcrumbList\",\"@id\":\"https:\\\/\\\/rudolf-lang.de\\\/digitaldruck-und-werbetechnik\\\/messewerbung\\\/#breadcrumb\",\"itemListElement\":[{\"@type\":\"ListItem\",\"position\":1,\"name\":\"Startseite\",\"item\":\"https:\\\/\\\/rudolf-lang.de\\\/digitaldruck-und-werbetechnik\\\/\"},{\"@type\":\"ListItem\",\"position\":2,\"name\":\"Messewerbung\"}]},{\"@type\":\"WebSite\",\"@id\":\"https:\\\/\\\/rudolf-lang.de\\\/digitaldruck-und-werbetechnik\\\/#website\",\"url\":\"https:\\\/\\\/rudolf-lang.de\\\/digitaldruck-und-werbetechnik\\\/\",\"name\":\"Digitaldruck und Werbetechnik\",\"description\":\"RUDOLF LANG GmbH &amp; Co. KG\",\"potentialAction\":[{\"@type\":\"SearchAction\",\"target\":{\"@type\":\"EntryPoint\",\"urlTemplate\":\"https:\\\/\\\/rudolf-lang.de\\\/digitaldruck-und-werbetechnik\\\/?s={search_term_string}\"},\"query-input\":{\"@type\":\"PropertyValueSpecification\",\"valueRequired\":true,\"valueName\":\"search_term_string\"}}],\"inLanguage\":\"de\"}]}<\/script>\n<!-- \/ Yoast SEO plugin. -->","yoast_head_json":{"title":"Messewerbung, Messestandgestaltung, Lang Digitaldruck u. Werbetechnik M\u00fcnchen","description":"Wir sind f\u00fcr Sie da im Bereich Messewerbung M\u00fcnchen, Messeevent M\u00fcnchen, Werbetechnik und Digitaldruck in M\u00fcnchen, Messestandgestaltung, Showroom Gestaltung","robots":{"index":"index","follow":"follow","max-snippet":"max-snippet:-1","max-image-preview":"max-image-preview:large","max-video-preview":"max-video-preview:-1"},"canonical":"https:\/\/rudolf-lang.de\/digitaldruck-und-werbetechnik\/messewerbung\/","og_locale":"de_DE","og_type":"article","og_title":"Messewerbung, Messestandgestaltung, Lang Digitaldruck u. Werbetechnik M\u00fcnchen","og_description":"Wir sind f\u00fcr Sie da im Bereich Messewerbung M\u00fcnchen, Messeevent M\u00fcnchen, Werbetechnik und Digitaldruck in M\u00fcnchen, Messestandgestaltung, Showroom Gestaltung","og_url":"https:\/\/rudolf-lang.de\/digitaldruck-und-werbetechnik\/messewerbung\/","og_site_name":"Digitaldruck und Werbetechnik","article_modified_time":"2020-08-05T13:13:58+00:00","schema":{"@context":"https:\/\/schema.org","@graph":[{"@type":"WebPage","@id":"https:\/\/rudolf-lang.de\/digitaldruck-und-werbetechnik\/messewerbung\/","url":"https:\/\/rudolf-lang.de\/digitaldruck-und-werbetechnik\/messewerbung\/","name":"Messewerbung, Messestandgestaltung, Lang Digitaldruck u. Werbetechnik M\u00fcnchen","isPartOf":{"@id":"https:\/\/rudolf-lang.de\/digitaldruck-und-werbetechnik\/#website"},"datePublished":"2014-04-15T12:05:47+00:00","dateModified":"2020-08-05T13:13:58+00:00","description":"Wir sind f\u00fcr Sie da im Bereich Messewerbung M\u00fcnchen, Messeevent M\u00fcnchen, Werbetechnik und Digitaldruck in M\u00fcnchen, Messestandgestaltung, Showroom Gestaltung","breadcrumb":{"@id":"https:\/\/rudolf-lang.de\/digitaldruck-und-werbetechnik\/messewerbung\/#breadcrumb"},"inLanguage":"de","potentialAction":[{"@type":"ReadAction","target":["https:\/\/rudolf-lang.de\/digitaldruck-und-werbetechnik\/messewerbung\/"]}]},{"@type":"BreadcrumbList","@id":"https:\/\/rudolf-lang.de\/digitaldruck-und-werbetechnik\/messewerbung\/#breadcrumb","itemListElement":[{"@type":"ListItem","position":1,"name":"Startseite","item":"https:\/\/rudolf-lang.de\/digitaldruck-und-werbetechnik\/"},{"@type":"ListItem","position":2,"name":"Messewerbung"}]},{"@type":"WebSite","@id":"https:\/\/rudolf-lang.de\/digitaldruck-und-werbetechnik\/#website","url":"https:\/\/rudolf-lang.de\/digitaldruck-und-werbetechnik\/","name":"Digitaldruck und Werbetechnik","description":"RUDOLF LANG GmbH &amp; Co. KG","potentialAction":[{"@type":"SearchAction","target":{"@type":"EntryPoint","urlTemplate":"https:\/\/rudolf-lang.de\/digitaldruck-und-werbetechnik\/?s={search_term_string}"},"query-input":{"@type":"PropertyValueSpecification","valueRequired":true,"valueName":"search_term_string"}}],"inLanguage":"de"}]}},"_links":{"self":[{"href":"https:\/\/rudolf-lang.de\/digitaldruck-und-werbetechnik\/wp-json\/wp\/v2\/pages\/20","targetHints":{"allow":["GET"]}}],"collection":[{"href":"https:\/\/rudolf-lang.de\/digitaldruck-und-werbetechnik\/wp-json\/wp\/v2\/pages"}],"about":[{"href":"https:\/\/rudolf-lang.de\/digitaldruck-und-werbetechnik\/wp-json\/wp\/v2\/types\/page"}],"author":[{"embeddable":true,"href":"https:\/\/rudolf-lang.de\/digitaldruck-und-werbetechnik\/wp-json\/wp\/v2\/users\/4"}],"replies":[{"embeddable":true,"href":"https:\/\/rudolf-lang.de\/digitaldruck-und-werbetechnik\/wp-json\/wp\/v2\/comments?post=20"}],"version-history":[{"count":27,"href":"https:\/\/rudolf-lang.de\/digitaldruck-und-werbetechnik\/wp-json\/wp\/v2\/pages\/20\/revisions"}],"predecessor-version":[{"id":653,"href":"https:\/\/rudolf-lang.de\/digitaldruck-und-werbetechnik\/wp-json\/wp\/v2\/pages\/20\/revisions\/653"}],"wp:attachment":[{"href":"https:\/\/rudolf-lang.de\/digitaldruck-und-werbetechnik\/wp-json\/wp\/v2\/media?parent=20"}],"curies":[{"name":"wp","href":"https:\/\/api.w.org\/{rel}","templated":true}]}}