{"id":14,"date":"2014-04-15T12:01:50","date_gmt":"2014-04-15T12:01:50","guid":{"rendered":"http:\/\/rudolf-lang.de\/cms\/de\/?page_id=14"},"modified":"2024-05-27T10:27:02","modified_gmt":"2024-05-27T10:27:02","slug":"home","status":"publish","type":"page","link":"https:\/\/rudolf-lang.de\/digitaldruck-und-werbetechnik\/","title":{"rendered":"Home"},"content":{"rendered":"","protected":false},"excerpt":{"rendered":"","protected":false},"author":4,"featured_media":0,"parent":0,"menu_order":0,"comment_status":"closed","ping_status":"open","template":"","meta":{"footnotes":""},"class_list":["post-14","page","type-page","status-publish","hentry"],"acf":[],"yoast_head":"<!-- This site is optimized with the Yoast SEO plugin v27.4 - https:\/\/yoast.com\/product\/yoast-seo-wordpress\/ -->\n<title>Rudolf Lang Digitaldruck und Werbetechnik in M\u00fcnchen<\/title>\n<meta name=\"description\" content=\"Fa. Rudolf Lang Digitaldruck und Werbetechnik M\u00fcnchen - f\u00fcr Schilder, Beschriftungen, Messewerbung, Sportevents, Bandenwerbung, Banner und mehr, in M\u00fcnchen\" \/>\n<meta name=\"robots\" content=\"index, follow, max-snippet:-1, max-image-preview:large, max-video-preview:-1\" \/>\n<link rel=\"canonical\" href=\"https:\/\/rudolf-lang.de\/digitaldruck-und-werbetechnik\/\" \/>\n<meta property=\"og:locale\" content=\"de_DE\" \/>\n<meta property=\"og:type\" content=\"article\" \/>\n<meta property=\"og:title\" content=\"Rudolf Lang Digitaldruck und Werbetechnik in M\u00fcnchen\" \/>\n<meta property=\"og:description\" content=\"Fa. Rudolf Lang Digitaldruck und Werbetechnik M\u00fcnchen - f\u00fcr Schilder, Beschriftungen, Messewerbung, Sportevents, Bandenwerbung, Banner und mehr, in M\u00fcnchen\" \/>\n<meta property=\"og:url\" content=\"https:\/\/rudolf-lang.de\/digitaldruck-und-werbetechnik\/\" \/>\n<meta property=\"og:site_name\" content=\"Digitaldruck und Werbetechnik\" \/>\n<meta property=\"article:modified_time\" content=\"2024-05-27T10:27:02+00:00\" \/>\n<script type=\"application\/ld+json\" class=\"yoast-schema-graph\">{\"@context\":\"https:\\\/\\\/schema.org\",\"@graph\":[{\"@type\":\"WebPage\",\"@id\":\"https:\\\/\\\/rudolf-lang.de\\\/digitaldruck-und-werbetechnik\\\/\",\"url\":\"https:\\\/\\\/rudolf-lang.de\\\/digitaldruck-und-werbetechnik\\\/\",\"name\":\"Rudolf Lang Digitaldruck und Werbetechnik in M\u00fcnchen\",\"isPartOf\":{\"@id\":\"https:\\\/\\\/rudolf-lang.de\\\/digitaldruck-und-werbetechnik\\\/#website\"},\"datePublished\":\"2014-04-15T12:01:50+00:00\",\"dateModified\":\"2024-05-27T10:27:02+00:00\",\"description\":\"Fa. Rudolf Lang Digitaldruck und Werbetechnik M\u00fcnchen - f\u00fcr Schilder, Beschriftungen, Messewerbung, Sportevents, Bandenwerbung, Banner und mehr, in M\u00fcnchen\",\"breadcrumb\":{\"@id\":\"https:\\\/\\\/rudolf-lang.de\\\/digitaldruck-und-werbetechnik\\\/#breadcrumb\"},\"inLanguage\":\"de\",\"potentialAction\":[{\"@type\":\"ReadAction\",\"target\":[\"https:\\\/\\\/rudolf-lang.de\\\/digitaldruck-und-werbetechnik\\\/\"]}]},{\"@type\":\"BreadcrumbList\",\"@id\":\"https:\\\/\\\/rudolf-lang.de\\\/digitaldruck-und-werbetechnik\\\/#breadcrumb\",\"itemListElement\":[{\"@type\":\"ListItem\",\"position\":1,\"name\":\"Startseite\",\"item\":\"https:\\\/\\\/rudolf-lang.de\\\/digitaldruck-und-werbetechnik\\\/\"},{\"@type\":\"ListItem\",\"position\":2,\"name\":\"Home\"}]},{\"@type\":\"WebSite\",\"@id\":\"https:\\\/\\\/rudolf-lang.de\\\/digitaldruck-und-werbetechnik\\\/#website\",\"url\":\"https:\\\/\\\/rudolf-lang.de\\\/digitaldruck-und-werbetechnik\\\/\",\"name\":\"Digitaldruck und Werbetechnik\",\"description\":\"RUDOLF LANG GmbH &amp; Co. KG\",\"potentialAction\":[{\"@type\":\"SearchAction\",\"target\":{\"@type\":\"EntryPoint\",\"urlTemplate\":\"https:\\\/\\\/rudolf-lang.de\\\/digitaldruck-und-werbetechnik\\\/?s={search_term_string}\"},\"query-input\":{\"@type\":\"PropertyValueSpecification\",\"valueRequired\":true,\"valueName\":\"search_term_string\"}}],\"inLanguage\":\"de\"}]}<\/script>\n<!-- \/ Yoast SEO plugin. -->","yoast_head_json":{"title":"Rudolf Lang Digitaldruck und Werbetechnik in M\u00fcnchen","description":"Fa. Rudolf Lang Digitaldruck und Werbetechnik M\u00fcnchen - f\u00fcr Schilder, Beschriftungen, Messewerbung, Sportevents, Bandenwerbung, Banner und mehr, in M\u00fcnchen","robots":{"index":"index","follow":"follow","max-snippet":"max-snippet:-1","max-image-preview":"max-image-preview:large","max-video-preview":"max-video-preview:-1"},"canonical":"https:\/\/rudolf-lang.de\/digitaldruck-und-werbetechnik\/","og_locale":"de_DE","og_type":"article","og_title":"Rudolf Lang Digitaldruck und Werbetechnik in M\u00fcnchen","og_description":"Fa. Rudolf Lang Digitaldruck und Werbetechnik M\u00fcnchen - f\u00fcr Schilder, Beschriftungen, Messewerbung, Sportevents, Bandenwerbung, Banner und mehr, in M\u00fcnchen","og_url":"https:\/\/rudolf-lang.de\/digitaldruck-und-werbetechnik\/","og_site_name":"Digitaldruck und Werbetechnik","article_modified_time":"2024-05-27T10:27:02+00:00","schema":{"@context":"https:\/\/schema.org","@graph":[{"@type":"WebPage","@id":"https:\/\/rudolf-lang.de\/digitaldruck-und-werbetechnik\/","url":"https:\/\/rudolf-lang.de\/digitaldruck-und-werbetechnik\/","name":"Rudolf Lang Digitaldruck und Werbetechnik in M\u00fcnchen","isPartOf":{"@id":"https:\/\/rudolf-lang.de\/digitaldruck-und-werbetechnik\/#website"},"datePublished":"2014-04-15T12:01:50+00:00","dateModified":"2024-05-27T10:27:02+00:00","description":"Fa. Rudolf Lang Digitaldruck und Werbetechnik M\u00fcnchen - f\u00fcr Schilder, Beschriftungen, Messewerbung, Sportevents, Bandenwerbung, Banner und mehr, in M\u00fcnchen","breadcrumb":{"@id":"https:\/\/rudolf-lang.de\/digitaldruck-und-werbetechnik\/#breadcrumb"},"inLanguage":"de","potentialAction":[{"@type":"ReadAction","target":["https:\/\/rudolf-lang.de\/digitaldruck-und-werbetechnik\/"]}]},{"@type":"BreadcrumbList","@id":"https:\/\/rudolf-lang.de\/digitaldruck-und-werbetechnik\/#breadcrumb","itemListElement":[{"@type":"ListItem","position":1,"name":"Startseite","item":"https:\/\/rudolf-lang.de\/digitaldruck-und-werbetechnik\/"},{"@type":"ListItem","position":2,"name":"Home"}]},{"@type":"WebSite","@id":"https:\/\/rudolf-lang.de\/digitaldruck-und-werbetechnik\/#website","url":"https:\/\/rudolf-lang.de\/digitaldruck-und-werbetechnik\/","name":"Digitaldruck und Werbetechnik","description":"RUDOLF LANG GmbH &amp; Co. KG","potentialAction":[{"@type":"SearchAction","target":{"@type":"EntryPoint","urlTemplate":"https:\/\/rudolf-lang.de\/digitaldruck-und-werbetechnik\/?s={search_term_string}"},"query-input":{"@type":"PropertyValueSpecification","valueRequired":true,"valueName":"search_term_string"}}],"inLanguage":"de"}]}},"_links":{"self":[{"href":"https:\/\/rudolf-lang.de\/digitaldruck-und-werbetechnik\/wp-json\/wp\/v2\/pages\/14","targetHints":{"allow":["GET"]}}],"collection":[{"href":"https:\/\/rudolf-lang.de\/digitaldruck-und-werbetechnik\/wp-json\/wp\/v2\/pages"}],"about":[{"href":"https:\/\/rudolf-lang.de\/digitaldruck-und-werbetechnik\/wp-json\/wp\/v2\/types\/page"}],"author":[{"embeddable":true,"href":"https:\/\/rudolf-lang.de\/digitaldruck-und-werbetechnik\/wp-json\/wp\/v2\/users\/4"}],"replies":[{"embeddable":true,"href":"https:\/\/rudolf-lang.de\/digitaldruck-und-werbetechnik\/wp-json\/wp\/v2\/comments?post=14"}],"version-history":[{"count":51,"href":"https:\/\/rudolf-lang.de\/digitaldruck-und-werbetechnik\/wp-json\/wp\/v2\/pages\/14\/revisions"}],"predecessor-version":[{"id":893,"href":"https:\/\/rudolf-lang.de\/digitaldruck-und-werbetechnik\/wp-json\/wp\/v2\/pages\/14\/revisions\/893"}],"wp:attachment":[{"href":"https:\/\/rudolf-lang.de\/digitaldruck-und-werbetechnik\/wp-json\/wp\/v2\/media?parent=14"}],"curies":[{"name":"wp","href":"https:\/\/api.w.org\/{rel}","templated":true}]}}